{"id":3536,"date":"2016-06-08T15:36:02","date_gmt":"2016-06-08T15:36:02","guid":{"rendered":"http:\/\/rbnaconsult.com\/?page_id=3536"},"modified":"2018-05-25T18:03:56","modified_gmt":"2018-05-25T18:03:56","slug":"home","status":"publish","type":"page","link":"https:\/\/rbnaconsult.com\/en\/","title":{"rendered":"Home"},"content":{"rendered":"<p>[vc_row flex_height=&#8221;yes&#8221; middle_content=&#8221;yes&#8221; bg_type=&#8221;color&#8221; header_feature=&#8221;yes&#8221; padding_top=&#8221;50&#8243; padding_bottom=&#8221;50&#8243; bottom_margim=&#8221;0&#8243; section_id=&#8221;homeservicos&#8221; section_title=&#8221;Services&#8221;][vc_column css=&#8221;.vc_custom_1473356666368{padding-top: 3% !important;padding-right: 3% !important;padding-bottom: 3% !important;padding-left: 3% !important;}&#8221;][vc_column_text]<div class='content-column one_fifth'><div class=\"grve-element grve-box-icon grve-align-center grve-animated-item grve-fadeInUp grve-advanced-hover\" style=\"\" data-delay=\"200\"><a href=\"#conteudolocal\" target=\"_self\"><div class=\"grve-icon grve-large grve-simple grve-no-shape grve-color-primary-1 grve-image-icon\"><img width=\"200\" height=\"200\" src=\"https:\/\/rbnaconsult.com\/en\/wp-content\/uploads\/2016\/06\/serv_icon_1.png\" class=\"attachment-full size-full\" alt=\"\" loading=\"lazy\" srcset=\"https:\/\/rbnaconsult.com\/en\/wp-content\/uploads\/2016\/06\/serv_icon_1.png 1x,https:\/\/rbnaconsult.com\/en\/wp-content\/uploads\/2016\/06\/serv_icon_1_retina.png 2x\" \/><\/div><\/a>  <div class=\"grve-box-content\"><a href=\"#conteudolocal\" target=\"_self\"><h6 class=\"grve-box-title\"><span>Local Content<br \/>\nCertification <\/span><\/h6><\/a>  <\/div><\/div><\/div><div class='content-column one_fifth'><div class=\"grve-element grve-box-icon grve-align-center grve-animated-item grve-fadeInUp grve-advanced-hover\" style=\"\" data-delay=\"200\"><a href=\"#supplychain\" target=\"_self\"><div class=\"grve-icon grve-large grve-simple grve-no-shape grve-color-primary-1 grve-image-icon\"><img width=\"200\" height=\"200\" src=\"https:\/\/rbnaconsult.com\/en\/wp-content\/uploads\/2016\/06\/serv_icon_2.png\" class=\"attachment-full size-full\" alt=\"\" loading=\"lazy\" srcset=\"https:\/\/rbnaconsult.com\/en\/wp-content\/uploads\/2016\/06\/serv_icon_2.png 1x,https:\/\/rbnaconsult.com\/en\/wp-content\/uploads\/2016\/06\/serv_icon_2_retina.png 2x\" \/><\/div><\/a>  <div class=\"grve-box-content\"><a href=\"#supplychain\" target=\"_self\"><h6 class=\"grve-box-title\"><span>Supply Chain<br \/>\nManagement<\/span><\/h6><\/a>  <\/div><\/div><\/div><div class='content-column one_fifth'><div class=\"grve-element grve-box-icon grve-align-center grve-animated-item grve-fadeInUp grve-advanced-hover\" style=\"\" data-delay=\"200\"><a href=\"#avalifinan\" target=\"_self\"><div class=\"grve-icon grve-large grve-simple grve-no-shape grve-color-primary-1 grve-image-icon\"><img width=\"200\" height=\"200\" src=\"https:\/\/rbnaconsult.com\/en\/wp-content\/uploads\/2016\/06\/serv_icon_3.png\" class=\"attachment-full size-full\" alt=\"\" loading=\"lazy\" srcset=\"https:\/\/rbnaconsult.com\/en\/wp-content\/uploads\/2016\/06\/serv_icon_3.png 1x,https:\/\/rbnaconsult.com\/en\/wp-content\/uploads\/2016\/06\/serv_icon_3_retina.png 2x\" \/><\/div><\/a>  <div class=\"grve-box-content\"><a href=\"#avalifinan\" target=\"_self\"><h6 class=\"grve-box-title\"><span>Financial Assessment<br \/>\nand Risk Analysis<\/span><\/h6><\/a>  <\/div><\/div><\/div><div class='content-column one_fifth'><div class=\"grve-element grve-box-icon grve-align-center grve-animated-item grve-fadeInUp grve-advanced-hover\" style=\"\" data-delay=\"200\"><a href=\"#gestaodeativos\" target=\"_self\"><div class=\"grve-icon grve-large grve-simple grve-no-shape grve-color-primary-1 grve-image-icon\"><img width=\"200\" height=\"200\" src=\"https:\/\/rbnaconsult.com\/en\/wp-content\/uploads\/2016\/06\/serv_icon_4.png\" class=\"attachment-full size-full\" alt=\"\" loading=\"lazy\" srcset=\"https:\/\/rbnaconsult.com\/en\/wp-content\/uploads\/2016\/06\/serv_icon_4.png 1x,https:\/\/rbnaconsult.com\/en\/wp-content\/uploads\/2016\/06\/serv_icon_4_retina.png 2x\" \/><\/div><\/a>  <div class=\"grve-box-content\"><a href=\"#gestaodeativos\" target=\"_self\"><h6 class=\"grve-box-title\"><span>Asset Integrity<br \/>\nManagement<\/span><\/h6><\/a>  <\/div><\/div><\/div><div class='content-column one_fifth last_column'><div class=\"grve-element grve-box-icon grve-align-center grve-animated-item grve-fadeInUp grve-advanced-hover\" style=\"\" data-delay=\"200\"><a href=\"#offshoresub\" target=\"_self\"><div class=\"grve-icon grve-large grve-simple grve-no-shape grve-color-primary-1 grve-image-icon\"><img width=\"200\" height=\"200\" src=\"https:\/\/rbnaconsult.com\/en\/wp-content\/uploads\/2016\/06\/serv_icon_5.png\" class=\"attachment-full size-full\" alt=\"\" loading=\"lazy\" srcset=\"https:\/\/rbnaconsult.com\/en\/wp-content\/uploads\/2016\/06\/serv_icon_5.png 1x,https:\/\/rbnaconsult.com\/en\/wp-content\/uploads\/2016\/06\/serv_icon_5_retina.png 2x\" \/><\/div><\/a>  <div class=\"grve-box-content\"><a href=\"#offshoresub\" target=\"_self\"><h6 class=\"grve-box-title\"><span>Offshore and Subsea<br \/>\nEngineering <\/span><\/h6><\/a>  <\/div><\/div><\/div><div class='clear_column'><\/div>[\/vc_column_text][vc_empty_space height=&#8221;25px&#8221;][\/vc_column][\/vc_row][vc_row heading_color=&#8221;light&#8221; middle_content=&#8221;yes&#8221; bg_type=&#8221;image&#8221; bg_image=&#8221;5378&#8243; bg_image_type=&#8221;parallax&#8221; pattern_overlay=&#8221;yes&#8221; color_overlay=&#8221;primary-1&#8243; opacity_overlay=&#8221;70&#8243; font_color=&#8221;#ffffff&#8221; padding_top=&#8221;50&#8243; padding_bottom=&#8221;50&#8243; bottom_margim=&#8221;0&#8243; section_id=&#8221;homedna&#8221; section_title=&#8221;DNA&#8221;][vc_column css=&#8221;.vc_custom_1474467890677{padding-top: 5% !important;padding-right: 5% !important;padding-bottom: 5% !important;padding-left: 5% !important;}&#8221;][vc_empty_space height=&#8221;40px&#8221;]<div class=\"grve-element grve-slogan grve-align-left grve-animated-item grve-fadeInLeft\" style=\"\" data-delay=\"200\"><h1 class=\"grve-slogan-title grve-align-left grve-title-no-line\"><span><strong>A WORLD CLASS COMPANY<\/strong><\/span><\/h1>  <p class=\"grve-subtitle\">We are the leading company in local content certification and among the top 10 offshore engineering companies. In the last three decades, we participated in several\u00a0innovating projects in the transport and energy sector, gaining international recognition and prominence.<\/p><a class=\"grve-btn grve-btn-medium grve-square grve-white-color grve-btn-line\" href=\"http:\/\/rbnaconsult.com\/en\/dna\/\" target=\"_self\" style=\"\"><span>KNOW OUR DNA<\/span><\/a><\/div>[vc_empty_space height=&#8221;40px&#8221;][\/vc_column][\/vc_row][vc_row flex_height=&#8221;yes&#8221; middle_content=&#8221;yes&#8221; padding_top=&#8221;50&#8243; padding_bottom=&#8221;50&#8243; bottom_margim=&#8221;0&#8243; section_id=&#8221;homeclientes&#8221; section_title=&#8221;Clients&#8221;][vc_column css=&#8221;.vc_custom_1473358415025{padding-top: 3% !important;padding-right: 5% !important;padding-bottom: 0px !important;padding-left: 5% !important;}&#8221;][vc_empty_space height=&#8221;18px&#8221;]<h4 class=\"grve-element grve-align-center grve-title-line grve-h4 grve-animated-item grve-fadeInDown\" style=\"margin-bottom: 0px;\" data-delay=\"200\"><span>Clients that tell our history <\/span><\/h4><div class=\"grve-element grve-carousel-wrapper\" style=\"\"><div class=\"grve-carousel-navigation grve-dark\" data-navigation-type=\"4\"><div class=\"grve-carousel-buttons\"><div class=\"grve-carousel-prev grve-icon-nav-left\"><\/div><div class=\"grve-carousel-next grve-icon-nav-right\"><\/div><\/div><\/div><div class=\"grve-carousel grve-gallery-popup grve-carousel-element \" data-items=\"5\" data-slider-autoplay=\"yes\" data-slider-speed=\"3000\" data-slider-pause=\"no\">\r\n\r\n\t\t\t<div class=\"grve-carousel-item\"><figure class=\"grve-image-hover\"><div class=\"grve-media\"><img width=\"250\" height=\"200\" src=\"https:\/\/rbnaconsult.com\/en\/wp-content\/uploads\/2016\/06\/cliente_ge_pb.png\" class=\"attachment-grve-image-small-rect-horizontal size-grve-image-small-rect-horizontal\" alt=\"\" loading=\"lazy\" \/><\/div><\/figure><\/div><div class=\"grve-carousel-item\"><figure class=\"grve-image-hover\"><div class=\"grve-media\"><img width=\"250\" height=\"200\" src=\"https:\/\/rbnaconsult.com\/en\/wp-content\/uploads\/2016\/06\/cliente_statoil_pb.png\" class=\"attachment-grve-image-small-rect-horizontal size-grve-image-small-rect-horizontal\" alt=\"\" loading=\"lazy\" \/><\/div><\/figure><\/div><div class=\"grve-carousel-item\"><figure class=\"grve-image-hover\"><div class=\"grve-media\"><img width=\"250\" height=\"200\" src=\"https:\/\/rbnaconsult.com\/en\/wp-content\/uploads\/2016\/06\/cliente_petrobras_pb.png\" class=\"attachment-grve-image-small-rect-horizontal size-grve-image-small-rect-horizontal\" alt=\"\" loading=\"lazy\" \/><\/div><\/figure><\/div><div class=\"grve-carousel-item\"><figure class=\"grve-image-hover\"><div class=\"grve-media\"><img width=\"250\" height=\"200\" src=\"https:\/\/rbnaconsult.com\/en\/wp-content\/uploads\/2016\/06\/cliente_dcf_pb.png\" class=\"attachment-grve-image-small-rect-horizontal size-grve-image-small-rect-horizontal\" alt=\"\" loading=\"lazy\" \/><\/div><\/figure><\/div><div class=\"grve-carousel-item\"><figure class=\"grve-image-hover\"><div class=\"grve-media\"><img width=\"250\" height=\"200\" src=\"https:\/\/rbnaconsult.com\/en\/wp-content\/uploads\/2016\/06\/cliente_maersk_pb.png\" class=\"attachment-grve-image-small-rect-horizontal size-grve-image-small-rect-horizontal\" alt=\"\" loading=\"lazy\" \/><\/div><\/figure><\/div><div class=\"grve-carousel-item\"><figure class=\"grve-image-hover\"><div class=\"grve-media\"><img width=\"250\" height=\"200\" src=\"https:\/\/rbnaconsult.com\/en\/wp-content\/uploads\/2016\/06\/cliente_rsb_pb.png\" class=\"attachment-grve-image-small-rect-horizontal size-grve-image-small-rect-horizontal\" alt=\"\" loading=\"lazy\" \/><\/div><\/figure><\/div><div class=\"grve-carousel-item\"><figure class=\"grve-image-hover\"><div class=\"grve-media\"><img width=\"250\" height=\"200\" src=\"https:\/\/rbnaconsult.com\/en\/wp-content\/uploads\/2016\/06\/cliente_vale_pb.png\" class=\"attachment-grve-image-small-rect-horizontal size-grve-image-small-rect-horizontal\" alt=\"\" loading=\"lazy\" \/><\/div><\/figure><\/div><div class=\"grve-carousel-item\"><figure class=\"grve-image-hover\"><div class=\"grve-media\"><img width=\"250\" height=\"200\" src=\"https:\/\/rbnaconsult.com\/en\/wp-content\/uploads\/2016\/06\/cliente_bram_pb.png\" class=\"attachment-grve-image-small-rect-horizontal size-grve-image-small-rect-horizontal\" alt=\"\" loading=\"lazy\" \/><\/div><\/figure><\/div><div class=\"grve-carousel-item\"><figure class=\"grve-image-hover\"><div class=\"grve-media\"><img width=\"250\" height=\"200\" src=\"https:\/\/rbnaconsult.com\/en\/wp-content\/uploads\/2016\/06\/cliente_marinha_pb.png\" class=\"attachment-grve-image-small-rect-horizontal size-grve-image-small-rect-horizontal\" alt=\"\" loading=\"lazy\" \/><\/div><\/figure><\/div><div class=\"grve-carousel-item\"><figure class=\"grve-image-hover\"><div class=\"grve-media\"><img width=\"250\" height=\"200\" src=\"https:\/\/rbnaconsult.com\/en\/wp-content\/uploads\/2016\/06\/cliente_ge_pb-2.png\" class=\"attachment-grve-image-small-rect-horizontal size-grve-image-small-rect-horizontal\" alt=\"\" loading=\"lazy\" \/><\/div><\/figure><\/div><div class=\"grve-carousel-item\"><figure class=\"grve-image-hover\"><div class=\"grve-media\"><img width=\"250\" height=\"200\" src=\"https:\/\/rbnaconsult.com\/en\/wp-content\/uploads\/2016\/06\/cliente_statoil_pb-2.png\" class=\"attachment-grve-image-small-rect-horizontal size-grve-image-small-rect-horizontal\" alt=\"\" loading=\"lazy\" \/><\/div><\/figure><\/div><div class=\"grve-carousel-item\"><figure class=\"grve-image-hover\"><div class=\"grve-media\"><img width=\"250\" height=\"200\" src=\"https:\/\/rbnaconsult.com\/en\/wp-content\/uploads\/2016\/06\/cliente_petrobras_pb-2.png\" class=\"attachment-grve-image-small-rect-horizontal size-grve-image-small-rect-horizontal\" alt=\"\" loading=\"lazy\" \/><\/div><\/figure><\/div><div class=\"grve-carousel-item\"><figure class=\"grve-image-hover\"><div class=\"grve-media\"><img width=\"250\" height=\"200\" src=\"https:\/\/rbnaconsult.com\/en\/wp-content\/uploads\/2016\/06\/cliente_dcf_pb-2.png\" class=\"attachment-grve-image-small-rect-horizontal size-grve-image-small-rect-horizontal\" alt=\"\" loading=\"lazy\" \/><\/div><\/figure><\/div><div class=\"grve-carousel-item\"><figure class=\"grve-image-hover\"><div class=\"grve-media\"><img width=\"250\" height=\"200\" src=\"https:\/\/rbnaconsult.com\/en\/wp-content\/uploads\/2016\/06\/cliente_maersk_pb-2.png\" class=\"attachment-grve-image-small-rect-horizontal size-grve-image-small-rect-horizontal\" alt=\"\" loading=\"lazy\" \/><\/div><\/figure><\/div><div class=\"grve-carousel-item\"><figure class=\"grve-image-hover\"><div class=\"grve-media\"><img width=\"250\" height=\"200\" src=\"https:\/\/rbnaconsult.com\/en\/wp-content\/uploads\/2016\/06\/cliente_rsb_pb-2.png\" class=\"attachment-grve-image-small-rect-horizontal size-grve-image-small-rect-horizontal\" alt=\"\" loading=\"lazy\" \/><\/div><\/figure><\/div><div class=\"grve-carousel-item\"><figure class=\"grve-image-hover\"><div class=\"grve-media\"><img width=\"250\" height=\"200\" src=\"https:\/\/rbnaconsult.com\/en\/wp-content\/uploads\/2016\/06\/cliente_vale_pb-2.png\" class=\"attachment-grve-image-small-rect-horizontal size-grve-image-small-rect-horizontal\" alt=\"\" loading=\"lazy\" \/><\/div><\/figure><\/div><div class=\"grve-carousel-item\"><figure class=\"grve-image-hover\"><div class=\"grve-media\"><img width=\"250\" height=\"200\" src=\"https:\/\/rbnaconsult.com\/en\/wp-content\/uploads\/2016\/06\/cliente_bram_pb-2.png\" class=\"attachment-grve-image-small-rect-horizontal size-grve-image-small-rect-horizontal\" alt=\"\" loading=\"lazy\" \/><\/div><\/figure><\/div><div class=\"grve-carousel-item\"><figure class=\"grve-image-hover\"><div class=\"grve-media\"><img width=\"250\" height=\"200\" src=\"https:\/\/rbnaconsult.com\/en\/wp-content\/uploads\/2016\/06\/cliente_marinha_pb-2.png\" class=\"attachment-grve-image-small-rect-horizontal size-grve-image-small-rect-horizontal\" alt=\"\" loading=\"lazy\" \/><\/div><\/figure><\/div><div class=\"grve-carousel-item\"><figure class=\"grve-image-hover\"><div class=\"grve-media\"><img width=\"250\" height=\"200\" src=\"https:\/\/rbnaconsult.com\/en\/wp-content\/uploads\/2016\/06\/cliente_ge_pb-3.png\" class=\"attachment-grve-image-small-rect-horizontal size-grve-image-small-rect-horizontal\" alt=\"\" loading=\"lazy\" \/><\/div><\/figure><\/div><div class=\"grve-carousel-item\"><figure class=\"grve-image-hover\"><div class=\"grve-media\"><img width=\"250\" height=\"200\" src=\"https:\/\/rbnaconsult.com\/en\/wp-content\/uploads\/2016\/06\/cliente_statoil_pb-3.png\" class=\"attachment-grve-image-small-rect-horizontal size-grve-image-small-rect-horizontal\" alt=\"\" loading=\"lazy\" \/><\/div><\/figure><\/div><div class=\"grve-carousel-item\"><figure class=\"grve-image-hover\"><div class=\"grve-media\"><img width=\"250\" height=\"200\" src=\"https:\/\/rbnaconsult.com\/en\/wp-content\/uploads\/2016\/06\/cliente_petrobras_pb-3.png\" class=\"attachment-grve-image-small-rect-horizontal size-grve-image-small-rect-horizontal\" alt=\"\" loading=\"lazy\" \/><\/div><\/figure><\/div><div class=\"grve-carousel-item\"><figure class=\"grve-image-hover\"><div class=\"grve-media\"><img width=\"250\" height=\"200\" src=\"https:\/\/rbnaconsult.com\/en\/wp-content\/uploads\/2016\/06\/cliente_dcf_pb-3.png\" class=\"attachment-grve-image-small-rect-horizontal size-grve-image-small-rect-horizontal\" alt=\"\" loading=\"lazy\" \/><\/div><\/figure><\/div><div class=\"grve-carousel-item\"><figure class=\"grve-image-hover\"><div class=\"grve-media\"><img width=\"250\" height=\"200\" src=\"https:\/\/rbnaconsult.com\/en\/wp-content\/uploads\/2016\/06\/cliente_maersk_pb-3.png\" class=\"attachment-grve-image-small-rect-horizontal size-grve-image-small-rect-horizontal\" alt=\"\" loading=\"lazy\" \/><\/div><\/figure><\/div><div class=\"grve-carousel-item\"><figure class=\"grve-image-hover\"><div class=\"grve-media\"><img width=\"250\" height=\"200\" src=\"https:\/\/rbnaconsult.com\/en\/wp-content\/uploads\/2016\/06\/cliente_rsb_pb-3.png\" class=\"attachment-grve-image-small-rect-horizontal size-grve-image-small-rect-horizontal\" alt=\"\" loading=\"lazy\" \/><\/div><\/figure><\/div><div class=\"grve-carousel-item\"><figure class=\"grve-image-hover\"><div class=\"grve-media\"><img width=\"250\" height=\"200\" src=\"https:\/\/rbnaconsult.com\/en\/wp-content\/uploads\/2016\/06\/cliente_vale_pb-3.png\" class=\"attachment-grve-image-small-rect-horizontal size-grve-image-small-rect-horizontal\" alt=\"\" loading=\"lazy\" \/><\/div><\/figure><\/div><div class=\"grve-carousel-item\"><figure class=\"grve-image-hover\"><div class=\"grve-media\"><img width=\"250\" height=\"200\" src=\"https:\/\/rbnaconsult.com\/en\/wp-content\/uploads\/2016\/06\/cliente_bram_pb-3.png\" class=\"attachment-grve-image-small-rect-horizontal size-grve-image-small-rect-horizontal\" alt=\"\" loading=\"lazy\" \/><\/div><\/figure><\/div><div class=\"grve-carousel-item\"><figure class=\"grve-image-hover\"><div class=\"grve-media\"><img width=\"250\" height=\"200\" src=\"https:\/\/rbnaconsult.com\/en\/wp-content\/uploads\/2016\/06\/cliente_marinha_pb-3.png\" class=\"attachment-grve-image-small-rect-horizontal size-grve-image-small-rect-horizontal\" alt=\"\" loading=\"lazy\" \/><\/div><\/figure><\/div><\/div><\/div>[vc_empty_space height=&#8221;18px&#8221;][\/vc_column][\/vc_row][vc_row heading_color=&#8221;light&#8221; section_type=&#8221;fullwidth-element&#8221; flex_height=&#8221;yes&#8221; bg_type=&#8221;color&#8221; footer_feature=&#8221;yes&#8221; padding_top=&#8221;0&#8243; padding_bottom=&#8221;0&#8243; bottom_margim=&#8221;0&#8243; section_id=&#8221;homerh&#8221; section_title=&#8221;Be part of our team&#8221; bg_color=&#8221;#043466&#8243; font_color=&#8221;#ebebeb&#8221;][vc_column width=&#8221;1\/2&#8243; css=&#8221;.vc_custom_1475694805693{padding-top: 50px !important;padding-right: 8% !important;padding-bottom: 50px !important;padding-left: 8% !important;background-color: #043466 !important;}&#8221;]<h2 class=\"grve-element grve-align-center grve-title-no-line grve-h2 grve-animated-item grve-fadeInDown\" style=\"margin-bottom: 10px;\" data-delay=\"200\"><span>BE PART OF OUR TEAM<\/span><\/h2><div class=\"grve-element grve-align-center grve-animated-item grve-fadeInUp\" data-delay=\"200\"><a class=\"grve-btn grve-btn-small grve-square grve-white-color grve-btn-line\" href=\"http:\/\/rbnaconsult.com\/en\/faca-parte-da-equipe\/\" target=\"_self\" style=\"\"><span>CONTACT US<\/span><\/a><\/div>[\/vc_column][\/vc_row]<\/p>\n","protected":false},"excerpt":{"rendered":"<p>[vc_row flex_height=&#8221;yes&#8221; middle_content=&#8221;yes&#8221; bg_type=&#8221;color&#8221; header_feature=&#8221;yes&#8221; padding_top=&#8221;50&#8243; padding_bottom=&#8221;50&#8243; bottom_margim=&#8221;0&#8243; section_id=&#8221;homeservicos&#8221; section_title=&#8221;Services&#8221;][vc_column css=&#8221;.vc_custom_1473356666368{padding-top: 3% !important;padding-right: 3% !important;padding-bottom: 3% !important;padding-left: 3% !important;}&#8221;][vc_column_text][\/vc_column_text][vc_empty_space height=&#8221;25px&#8221;][\/vc_column][\/vc_row][vc_row heading_color=&#8221;light&#8221; middle_content=&#8221;yes&#8221; bg_type=&#8221;image&#8221; bg_image=&#8221;5378&#8243; bg_image_type=&#8221;parallax&#8221; pattern_overlay=&#8221;yes&#8221; color_overlay=&#8221;primary-1&#8243; opacity_overlay=&#8221;70&#8243; font_color=&#8221;#ffffff&#8221; padding_top=&#8221;50&#8243; padding_bottom=&#8221;50&#8243; bottom_margim=&#8221;0&#8243; section_id=&#8221;homedna&#8221; section_title=&#8221;DNA&#8221;][vc_column css=&#8221;.vc_custom_1474467890677{padding-top: 5% !important;padding-right: 5% !important;padding-bottom: 5% !important;padding-left: 5% !important;}&#8221;][vc_empty_space height=&#8221;40px&#8221;][vc_empty_space height=&#8221;40px&#8221;][\/vc_column][\/vc_row][vc_row flex_height=&#8221;yes&#8221; middle_content=&#8221;yes&#8221; padding_top=&#8221;50&#8243; padding_bottom=&#8221;50&#8243; bottom_margim=&#8221;0&#8243; section_id=&#8221;homeclientes&#8221; section_title=&#8221;Clients&#8221;][vc_column css=&#8221;.vc_custom_1473358415025{padding-top: 3% !important;padding-right: [&hellip;]<\/p>\n","protected":false},"author":4,"featured_media":0,"parent":0,"menu_order":0,"comment_status":"closed","ping_status":"closed","template":"","meta":[],"yoast_head":"<!-- This site is optimized with the Yoast SEO plugin v17.7.1 - https:\/\/yoast.com\/wordpress\/plugins\/seo\/ -->\n<title>RBNA consult<\/title>\n<meta name=\"description\" content=\"Empresa l\u00edder em certifica\u00e7\u00e3o de conte\u00fado local e top 10 entre as empresas de engenharia offshore e com reconhecimento e destaque internacional.\" \/>\n<meta name=\"robots\" content=\"index, follow, max-snippet:-1, max-image-preview:large, max-video-preview:-1\" \/>\n<link rel=\"canonical\" href=\"https:\/\/rbnaconsult.com\/en\/\" \/>\n<meta property=\"og:locale\" content=\"pt_BR\" \/>\n<meta property=\"og:type\" content=\"article\" \/>\n<meta property=\"og:title\" content=\"RBNA consult\" \/>\n<meta property=\"og:description\" content=\"Empresa l\u00edder em certifica\u00e7\u00e3o de conte\u00fado local e top 10 entre as empresas de engenharia offshore e com reconhecimento e destaque internacional.\" \/>\n<meta property=\"og:url\" content=\"https:\/\/rbnaconsult.com\/en\/\" \/>\n<meta property=\"og:site_name\" content=\"RBNA Consult\" \/>\n<meta property=\"article:modified_time\" content=\"2018-05-25T18:03:56+00:00\" \/>\n<meta name=\"twitter:card\" content=\"summary\" \/>\n<meta name=\"twitter:label1\" content=\"Est. tempo de leitura\" \/>\n\t<meta name=\"twitter:data1\" content=\"3 minutos\" \/>\n<script type=\"application\/ld+json\" class=\"yoast-schema-graph\">{\"@context\":\"https:\/\/schema.org\",\"@graph\":[{\"@type\":\"WebSite\",\"@id\":\"https:\/\/rbnaconsult.com\/en\/#website\",\"url\":\"https:\/\/rbnaconsult.com\/en\/\",\"name\":\"RBNA Consult\",\"description\":\"Somos a empresa l\\u00edder em certifica\\u00e7\\u00e3o de conte\\u00fado local e top 10 entre as empresas de engenharia offshore. Ao longo das \\u00faltimas tr\\u00eas d\\u00e9cadas participamos de diversos projetos que inovaram os setores de transporte e energia ganhando reconhecimento e destaque internacional.\",\"potentialAction\":[{\"@type\":\"SearchAction\",\"target\":{\"@type\":\"EntryPoint\",\"urlTemplate\":\"https:\/\/rbnaconsult.com\/en\/?s={search_term_string}\"},\"query-input\":\"required name=search_term_string\"}],\"inLanguage\":\"pt-BR\"},{\"@type\":\"WebPage\",\"@id\":\"https:\/\/rbnaconsult.com\/en\/#webpage\",\"url\":\"https:\/\/rbnaconsult.com\/en\/\",\"name\":\"RBNA consult\",\"isPartOf\":{\"@id\":\"https:\/\/rbnaconsult.com\/en\/#website\"},\"datePublished\":\"2016-06-08T15:36:02+00:00\",\"dateModified\":\"2018-05-25T18:03:56+00:00\",\"description\":\"Empresa l\\u00edder em certifica\\u00e7\\u00e3o de conte\\u00fado local e top 10 entre as empresas de engenharia offshore e com reconhecimento e destaque internacional.\",\"breadcrumb\":{\"@id\":\"https:\/\/rbnaconsult.com\/en\/#breadcrumb\"},\"inLanguage\":\"pt-BR\",\"potentialAction\":[{\"@type\":\"ReadAction\",\"target\":[\"https:\/\/rbnaconsult.com\/en\/\"]}]},{\"@type\":\"BreadcrumbList\",\"@id\":\"https:\/\/rbnaconsult.com\/en\/#breadcrumb\",\"itemListElement\":[{\"@type\":\"ListItem\",\"position\":1,\"name\":\"In\\u00edcio\",\"item\":\"https:\/\/rbnaconsult.com\/en\/\"},{\"@type\":\"ListItem\",\"position\":2,\"name\":\"Home\"}]}]}<\/script>\n<!-- \/ Yoast SEO plugin. -->","yoast_head_json":{"title":"RBNA consult","description":"Empresa l\u00edder em certifica\u00e7\u00e3o de conte\u00fado local e top 10 entre as empresas de engenharia offshore e com reconhecimento e destaque internacional.","robots":{"index":"index","follow":"follow","max-snippet":"max-snippet:-1","max-image-preview":"max-image-preview:large","max-video-preview":"max-video-preview:-1"},"canonical":"https:\/\/rbnaconsult.com\/en\/","og_locale":"pt_BR","og_type":"article","og_title":"RBNA consult","og_description":"Empresa l\u00edder em certifica\u00e7\u00e3o de conte\u00fado local e top 10 entre as empresas de engenharia offshore e com reconhecimento e destaque internacional.","og_url":"https:\/\/rbnaconsult.com\/en\/","og_site_name":"RBNA Consult","article_modified_time":"2018-05-25T18:03:56+00:00","twitter_card":"summary","twitter_misc":{"Est. tempo de leitura":"3 minutos"},"schema":{"@context":"https:\/\/schema.org","@graph":[{"@type":"WebSite","@id":"https:\/\/rbnaconsult.com\/en\/#website","url":"https:\/\/rbnaconsult.com\/en\/","name":"RBNA Consult","description":"Somos a empresa l\u00edder em certifica\u00e7\u00e3o de conte\u00fado local e top 10 entre as empresas de engenharia offshore. Ao longo das \u00faltimas tr\u00eas d\u00e9cadas participamos de diversos projetos que inovaram os setores de transporte e energia ganhando reconhecimento e destaque internacional.","potentialAction":[{"@type":"SearchAction","target":{"@type":"EntryPoint","urlTemplate":"https:\/\/rbnaconsult.com\/en\/?s={search_term_string}"},"query-input":"required name=search_term_string"}],"inLanguage":"pt-BR"},{"@type":"WebPage","@id":"https:\/\/rbnaconsult.com\/en\/#webpage","url":"https:\/\/rbnaconsult.com\/en\/","name":"RBNA consult","isPartOf":{"@id":"https:\/\/rbnaconsult.com\/en\/#website"},"datePublished":"2016-06-08T15:36:02+00:00","dateModified":"2018-05-25T18:03:56+00:00","description":"Empresa l\u00edder em certifica\u00e7\u00e3o de conte\u00fado local e top 10 entre as empresas de engenharia offshore e com reconhecimento e destaque internacional.","breadcrumb":{"@id":"https:\/\/rbnaconsult.com\/en\/#breadcrumb"},"inLanguage":"pt-BR","potentialAction":[{"@type":"ReadAction","target":["https:\/\/rbnaconsult.com\/en\/"]}]},{"@type":"BreadcrumbList","@id":"https:\/\/rbnaconsult.com\/en\/#breadcrumb","itemListElement":[{"@type":"ListItem","position":1,"name":"In\u00edcio","item":"https:\/\/rbnaconsult.com\/en\/"},{"@type":"ListItem","position":2,"name":"Home"}]}]}},"_links":{"self":[{"href":"https:\/\/rbnaconsult.com\/en\/wp-json\/wp\/v2\/pages\/3536"}],"collection":[{"href":"https:\/\/rbnaconsult.com\/en\/wp-json\/wp\/v2\/pages"}],"about":[{"href":"https:\/\/rbnaconsult.com\/en\/wp-json\/wp\/v2\/types\/page"}],"author":[{"embeddable":true,"href":"https:\/\/rbnaconsult.com\/en\/wp-json\/wp\/v2\/users\/4"}],"replies":[{"embeddable":true,"href":"https:\/\/rbnaconsult.com\/en\/wp-json\/wp\/v2\/comments?post=3536"}],"version-history":[{"count":199,"href":"https:\/\/rbnaconsult.com\/en\/wp-json\/wp\/v2\/pages\/3536\/revisions"}],"predecessor-version":[{"id":5732,"href":"https:\/\/rbnaconsult.com\/en\/wp-json\/wp\/v2\/pages\/3536\/revisions\/5732"}],"wp:attachment":[{"href":"https:\/\/rbnaconsult.com\/en\/wp-json\/wp\/v2\/media?parent=3536"}],"curies":[{"name":"wp","href":"https:\/\/api.w.org\/{rel}","templated":true}]}}