{"id":4621,"date":"2016-06-14T15:58:55","date_gmt":"2016-06-14T15:58:55","guid":{"rendered":"http:\/\/rbnaconsult.com\/?page_id=4621"},"modified":"2017-04-20T15:18:32","modified_gmt":"2017-04-20T15:18:32","slug":"services","status":"publish","type":"page","link":"https:\/\/rbnaconsult.com\/en\/services\/","title":{"rendered":"SERVICES"},"content":{"rendered":"<p>[vc_row header_feature=&#8221;yes&#8221; bottom_margin=&#8221;0px&#8221; padding_bottom=&#8221;50&#8243; padding_top=&#8221;30&#8243;][vc_column css=&#8221;.vc_custom_1474039044777{padding-top: 3% !important;padding-right: 0px !important;padding-bottom: 0px !important;padding-left: 0px !important;}&#8221;]<h4 class=\"grve-element grve-align-center grve-title-line grve-h4 grve-animated-item grve-fadeInDown\" style=\"margin-bottom: 50px;\" data-delay=\"200\"><span>Find out about our services<\/span><\/h4>[vc_column_text]<div class='content-column one_fifth'><div class=\"grve-element grve-box-icon grve-align-center grve-animated-item grve-fadeInUp grve-advanced-hover\" style=\"\" data-delay=\"200\"><a href=\"#conteudolocal\" target=\"_self\"><div class=\"grve-icon grve-large grve-simple grve-no-shape grve-color-primary-1 grve-image-icon\"><img width=\"200\" height=\"200\" src=\"https:\/\/rbnaconsult.com\/en\/wp-content\/uploads\/2016\/06\/serv_icon_1.png\" class=\"attachment-full size-full\" alt=\"\" loading=\"lazy\" srcset=\"https:\/\/rbnaconsult.com\/en\/wp-content\/uploads\/2016\/06\/serv_icon_1.png 1x,https:\/\/rbnaconsult.com\/en\/wp-content\/uploads\/2016\/06\/serv_icon_1_retina.png 2x\" \/><\/div><\/a>  <div class=\"grve-box-content\"><a href=\"#conteudolocal\" target=\"_self\"><h6 class=\"grve-box-title\"><span>Local Content<br \/>\nCertification <\/span><\/h6><\/a>  <\/div><\/div><\/div><div class='content-column one_fifth'><div class=\"grve-element grve-box-icon grve-align-center grve-animated-item grve-fadeInUp grve-advanced-hover\" style=\"\" data-delay=\"200\"><a href=\"#supplychain\" target=\"_self\"><div class=\"grve-icon grve-large grve-simple grve-no-shape grve-color-primary-1 grve-image-icon\"><img width=\"200\" height=\"200\" src=\"https:\/\/rbnaconsult.com\/en\/wp-content\/uploads\/2016\/06\/serv_icon_2.png\" class=\"attachment-full size-full\" alt=\"\" loading=\"lazy\" srcset=\"https:\/\/rbnaconsult.com\/en\/wp-content\/uploads\/2016\/06\/serv_icon_2.png 1x,https:\/\/rbnaconsult.com\/en\/wp-content\/uploads\/2016\/06\/serv_icon_2_retina.png 2x\" \/><\/div><\/a>  <div class=\"grve-box-content\"><a href=\"#supplychain\" target=\"_self\"><h6 class=\"grve-box-title\"><span>Supply Chain<br \/>\nManagement<\/span><\/h6><\/a>  <\/div><\/div><\/div><div class='content-column one_fifth'><div class=\"grve-element grve-box-icon grve-align-center grve-animated-item grve-fadeInUp grve-advanced-hover\" style=\"\" data-delay=\"200\"><a href=\"#avalifinan\" target=\"_self\"><div class=\"grve-icon grve-large grve-simple grve-no-shape grve-color-primary-1 grve-image-icon\"><img width=\"200\" height=\"200\" src=\"https:\/\/rbnaconsult.com\/en\/wp-content\/uploads\/2016\/06\/serv_icon_3.png\" class=\"attachment-full size-full\" alt=\"\" loading=\"lazy\" srcset=\"https:\/\/rbnaconsult.com\/en\/wp-content\/uploads\/2016\/06\/serv_icon_3.png 1x,https:\/\/rbnaconsult.com\/en\/wp-content\/uploads\/2016\/06\/serv_icon_3_retina.png 2x\" \/><\/div><\/a>  <div class=\"grve-box-content\"><a href=\"#avalifinan\" target=\"_self\"><h6 class=\"grve-box-title\"><span>Financial Assessment<br \/>\nand Risk Analysis<\/span><\/h6><\/a>  <\/div><\/div><\/div><div class='content-column one_fifth'><div class=\"grve-element grve-box-icon grve-align-center grve-animated-item grve-fadeInUp grve-advanced-hover\" style=\"\" data-delay=\"200\"><a href=\"#gestaodeativos\" target=\"_self\"><div class=\"grve-icon grve-large grve-simple grve-no-shape grve-color-primary-1 grve-image-icon\"><img width=\"200\" height=\"200\" src=\"https:\/\/rbnaconsult.com\/en\/wp-content\/uploads\/2016\/06\/serv_icon_4.png\" class=\"attachment-full size-full\" alt=\"\" loading=\"lazy\" srcset=\"https:\/\/rbnaconsult.com\/en\/wp-content\/uploads\/2016\/06\/serv_icon_4.png 1x,https:\/\/rbnaconsult.com\/en\/wp-content\/uploads\/2016\/06\/serv_icon_4_retina.png 2x\" \/><\/div><\/a>  <div class=\"grve-box-content\"><a href=\"#gestaodeativos\" target=\"_self\"><h6 class=\"grve-box-title\"><span>Asset Integrity<br \/>\nManagement<\/span><\/h6><\/a>  <\/div><\/div><\/div><div class='content-column one_fifth last_column'><div class=\"grve-element grve-box-icon grve-align-center grve-animated-item grve-fadeInUp grve-advanced-hover\" style=\"\" data-delay=\"200\"><a href=\"#offshoresub\" target=\"_self\"><div class=\"grve-icon grve-large grve-simple grve-no-shape grve-color-primary-1 grve-image-icon\"><img width=\"200\" height=\"200\" src=\"https:\/\/rbnaconsult.com\/en\/wp-content\/uploads\/2016\/06\/serv_icon_5.png\" class=\"attachment-full size-full\" alt=\"\" loading=\"lazy\" srcset=\"https:\/\/rbnaconsult.com\/en\/wp-content\/uploads\/2016\/06\/serv_icon_5.png 1x,https:\/\/rbnaconsult.com\/en\/wp-content\/uploads\/2016\/06\/serv_icon_5_retina.png 2x\" \/><\/div><\/a>  <div class=\"grve-box-content\"><a href=\"#offshoresub\" target=\"_self\"><h6 class=\"grve-box-title\"><span>Offshore and Subsea<br \/>\nEngineering <\/span><\/h6><\/a>  <\/div><\/div><\/div><div class='clear_column'><\/div>[\/vc_column_text][vc_empty_space][\/vc_column][\/vc_row][vc_row heading_color=&#8221;primary-1&#8243; section_type=&#8221;fullwidth-element&#8221; middle_content=&#8221;yes&#8221; bg_type=&#8221;image&#8221; bg_image=&#8221;5354&#8243; bg_image_type=&#8221;animated&#8221; pattern_overlay=&#8221;yes&#8221; color_overlay=&#8221;dark&#8221; opacity_overlay=&#8221;30&#8243; padding_top=&#8221;150&#8243; padding_bottom=&#8221;150&#8243; section_id=&#8221;conteudolocal&#8221; section_title=&#8221;Local Content Certification&#8221;][vc_column width=&#8221;1\/6&#8243;][\/vc_column][vc_column width=&#8221;1\/3&#8243; mobile_width=&#8221;hide&#8221;][\/vc_column][vc_column width=&#8221;1\/3&#8243; css=&#8221;.vc_custom_1477925680858{padding-top: 3% !important;padding-right: 3% !important;padding-bottom: 3% !important;padding-left: 3% !important;}&#8221;][vc_row_inner][vc_column_inner css=&#8221;.vc_custom_1477926702896{padding-top: 5% !important;padding-right: 5% !important;padding-bottom: 5% !important;padding-left: 5% !important;background-color: #ffffff !important;}&#8221;]<h4 class=\"grve-element grve-align-left grve-title-no-line grve-h4 grve-animated-item grve-fadeInDown\" style=\"\" data-delay=\"200\"><span>LOCAL CONTENT CERTIFICATION<\/span><\/h4>[vc_column_text text_style=&#8221;subtitle&#8221; animation=&#8221;fadeInLeft&#8221;]<\/p>\n<p style=\"text-align: justify; font-size: 15px;\">We are the first company accredited by ANP to carry out local content certifications in all areas and we are the only one that maintained the accreditation uninterruptedly since the beginning, becoming the leading company in local content certification.<\/p>\n<p style=\"text-align: justify; font-size: 15px;\">The correct understanding of the policy is very important for the oil company to achieve the local content requirements, to calculate its local content penalties, to map local suppliers and to report it to regulatory agency ANP.<\/p>\n<p>[\/vc_column_text][\/vc_column_inner][\/vc_row_inner][\/vc_column][vc_column width=&#8221;1\/6&#8243;][\/vc_column][\/vc_row][vc_row middle_content=&#8221;yes&#8221; padding_top=&#8221;50&#8243; padding_bottom=&#8221;50&#8243; margin_bottom=&#8221;0&#8243;][vc_column][vc_empty_space]<div class=\"grve-element grve-slogan grve-align-left grve-animated-item grve-fadeInLeft\" style=\"\" data-delay=\"200\"><h4 class=\"grve-slogan-title grve-align-left grve-title-no-line\"><span>\u201cI chose RBNA Consult as our local content partner because they understand our business and always stand by our side in our decisions\u201c<\/span><\/h4>  <p class=\"\">&#8211; Jos\u00e9 Sampaio | <strong>BRAM Edson Chouest<\/strong><\/p><\/div>[vc_empty_space height=&#8221;12px&#8221;][\/vc_column][\/vc_row][vc_row heading_color=&#8221;primary-1&#8243; section_type=&#8221;fullwidth-element&#8221; middle_content=&#8221;yes&#8221; bg_type=&#8221;image&#8221; bg_image=&#8221;5530&#8243; bg_image_type=&#8221;animated&#8221; pattern_overlay=&#8221;yes&#8221; color_overlay=&#8221;dark&#8221; opacity_overlay=&#8221;30&#8243; padding_top=&#8221;150&#8243; padding_bottom=&#8221;150&#8243; section_id=&#8221;supplychain&#8221; section_title=&#8221;Supply Chain Management&#8221;][vc_column width=&#8221;1\/6&#8243;][\/vc_column][vc_column width=&#8221;1\/3&#8243; mobile_width=&#8221;hide&#8221;][\/vc_column][vc_column width=&#8221;1\/3&#8243; css=&#8221;.vc_custom_1477926471110{padding-top: 3% !important;padding-right: 3% !important;padding-bottom: 3% !important;padding-left: 3% !important;}&#8221;][vc_row_inner][vc_column_inner css=&#8221;.vc_custom_1477926714001{padding-top: 5% !important;padding-right: 5% !important;padding-bottom: 5% !important;padding-left: 5% !important;background-color: #ffffff !important;}&#8221;]<h4 class=\"grve-element grve-align-left grve-title-no-line grve-h4 grve-animated-item grve-fadeInDown\" style=\"\" data-delay=\"200\"><span>SUPPLY CHAIN MANAGEMENT<\/span><\/h4>[vc_column_text text_style=&#8221;subtitle&#8221; animation=&#8221;fadeInLeft&#8221;]<\/p>\n<p style=\"text-align: justify; font-size: 15px;\">We act in two different fronts in the supply chain management: developing the supply chain for the key companies and providing conformity assessment for products and services.<\/p>\n<p style=\"text-align: justify; font-size: 15px;\">Supply chain development is done through market surveys, trainings and transference of technology to key suppliers. Conformity assessment is provided through suppliers audits, quality and safety inspections, commissioning and decommissioning monitoring, support to meet standard rules and regulatory compliance assistance.<\/p>\n<p>[\/vc_column_text][\/vc_column_inner][\/vc_row_inner][\/vc_column][vc_column width=&#8221;1\/6&#8243;][\/vc_column][\/vc_row][vc_row middle_content=&#8221;yes&#8221; padding_top=&#8221;50&#8243; padding_bottom=&#8221;50&#8243;][vc_column][vc_empty_space]<div class=\"grve-element grve-slogan grve-align-left grve-animated-item grve-fadeInRight\" style=\"\" data-delay=\"200\"><h4 class=\"grve-slogan-title grve-align-left grve-title-no-line\"><span>\u201cRBNA Consult helped us certify our supply chain, carrying out the job with dedication.\u201d<\/span><\/h4>  <p class=\"\">&#8211; Raphaela Fontana | <strong>Sonangol<\/strong><\/p><\/div>[vc_empty_space height=&#8221;12px&#8221;][\/vc_column][\/vc_row][vc_row heading_color=&#8221;primary-1&#8243; section_type=&#8221;fullwidth-element&#8221; middle_content=&#8221;yes&#8221; bg_type=&#8221;image&#8221; bg_image=&#8221;5527&#8243; bg_image_type=&#8221;animated&#8221; pattern_overlay=&#8221;yes&#8221; color_overlay=&#8221;dark&#8221; opacity_overlay=&#8221;30&#8243; padding_top=&#8221;150&#8243; padding_bottom=&#8221;150&#8243; section_id=&#8221;avalifinan&#8221; section_title=&#8221;Financial Assessment And Risk Analysis&#8221;][vc_column width=&#8221;1\/6&#8243;][\/vc_column][vc_column width=&#8221;1\/3&#8243; mobile_width=&#8221;hide&#8221;][\/vc_column][vc_column width=&#8221;1\/3&#8243; css=&#8221;.vc_custom_1477926513658{padding-top: 3% !important;padding-right: 3% !important;padding-bottom: 3% !important;padding-left: 3% !important;}&#8221;][vc_row_inner][vc_column_inner css=&#8221;.vc_custom_1477926737524{padding-top: 5% !important;padding-right: 5% !important;padding-bottom: 5% !important;padding-left: 5% !important;background-color: #ffffff !important;}&#8221;]<h4 class=\"grve-element grve-align-left grve-title-no-line grve-h4 grve-animated-item grve-fadeInDown\" style=\"\" data-delay=\"200\"><span>FINANCIAL ASSESSMENT AND RISK ANALYSIS <\/span><\/h4>[vc_column_text text_style=&#8221;subtitle&#8221; animation=&#8221;fadeInLeft&#8221;]<\/p>\n<p style=\"text-align: justify; font-size: 15px;\">With specific tools for construction work supervision and risk assessment, we have a highly qualified and specialized team to carry out project reviews, field and equipment inspections. In addition to physical-financial evaluations, we help our clients in the selection and acquisition of goods, conducting pre-purchase and condition surveys.<\/p>\n<p>[\/vc_column_text][\/vc_column_inner][\/vc_row_inner][\/vc_column][vc_column width=&#8221;1\/6&#8243;][\/vc_column][\/vc_row][vc_row middle_content=&#8221;yes&#8221; padding_top=&#8221;50&#8243; padding_bottom=&#8221;50&#8243;][vc_column][vc_empty_space]<div class=\"grve-element grve-slogan grve-align-left grve-animated-item grve-fadeInLeft\" style=\"\" data-delay=\"200\"><h4 class=\"grve-slogan-title grve-align-left grve-title-no-line\"><span>\u201cAlways available to provide support quickly with quality and professionalism, I trust RBNA Consult to calculate the market value of our ships.\u201d<\/span><\/h4>  <p class=\"\">&#8211; Atul Sethi | <strong>UP Offshore \/ Ultrapetrol<\/strong><\/p><\/div>[vc_empty_space height=&#8221;12px&#8221;][\/vc_column][\/vc_row][vc_row heading_color=&#8221;primary-1&#8243; section_type=&#8221;fullwidth-element&#8221; middle_content=&#8221;yes&#8221; bg_type=&#8221;image&#8221; bg_image=&#8221;5528&#8243; bg_image_type=&#8221;animated&#8221; pattern_overlay=&#8221;yes&#8221; color_overlay=&#8221;dark&#8221; opacity_overlay=&#8221;30&#8243; padding_top=&#8221;150&#8243; padding_bottom=&#8221;150&#8243; section_id=&#8221;gestaodeativos&#8221; section_title=&#8221;Asset Integrity Management&#8221;][vc_column width=&#8221;1\/6&#8243;][\/vc_column][vc_column width=&#8221;1\/3&#8243; mobile_width=&#8221;hide&#8221;][\/vc_column][vc_column width=&#8221;1\/3&#8243; css=&#8221;.vc_custom_1477926547172{padding-top: 3% !important;padding-right: 3% !important;padding-bottom: 3% !important;padding-left: 3% !important;}&#8221;][vc_row_inner][vc_column_inner css=&#8221;.vc_custom_1477926774776{padding-top: 5% !important;padding-right: 5% !important;padding-bottom: 5% !important;padding-left: 5% !important;background-color: #ffffff !important;}&#8221;]<h4 class=\"grve-element grve-align-left grve-title-no-line grve-h4 grve-animated-item grve-fadeInDown\" style=\"\" data-delay=\"200\"><span>ASSET INTEGRITY MANAGEMENT<\/span><\/h4>[vc_column_text text_style=&#8221;subtitle&#8221; animation=&#8221;fadeInLeft&#8221;]<\/p>\n<p style=\"text-align: justify; font-size: 15px;\">The adoption of an efficient Asset Integrity Management system results in cost reduction and extension of equipment lifetime. Our team has solid expertise in conformity and quality inspections, in addition to our experience in risk-based inspections. We also offer stock assessment, material flow evaluation and process mapping.<\/p>\n<p style=\"font-size: 15px; text-align: justify;\">With the inspections RBNA Consult team acts verifying the projects, following up fabrication, conducting bench tests, testing performance and monitoring performance indicators.<\/p>\n<p>[\/vc_column_text][\/vc_column_inner][\/vc_row_inner][\/vc_column][vc_column width=&#8221;1\/6&#8243;][\/vc_column][\/vc_row][vc_row middle_content=&#8221;yes&#8221; padding_top=&#8221;50&#8243; padding_bottom=&#8221;50&#8243;][vc_column][vc_empty_space]<div class=\"grve-element grve-slogan grve-align-left grve-animated-item grve-fadeInRight\" style=\"\" data-delay=\"200\"><h4 class=\"grve-slogan-title grve-align-left grve-title-no-line\"><span>\u201cWith experienced and careful professionals , RBNA Consult knows the subject and adapts itself to our needs and demands.\u201d<\/span><\/h4>  <p class=\"\">&#8211; Rodrigo Cesar Lopes | <strong>Forward Computers<\/strong><\/p><\/div>[vc_empty_space height=&#8221;12px&#8221;][\/vc_column][\/vc_row][vc_row heading_color=&#8221;primary-1&#8243; section_type=&#8221;fullwidth-element&#8221; middle_content=&#8221;yes&#8221; bg_type=&#8221;image&#8221; bg_image=&#8221;5529&#8243; bg_image_type=&#8221;animated&#8221; pattern_overlay=&#8221;yes&#8221; color_overlay=&#8221;dark&#8221; opacity_overlay=&#8221;30&#8243; padding_top=&#8221;150&#8243; padding_bottom=&#8221;150&#8243; section_id=&#8221;offshoresub&#8221; section_title=&#8221;Offshore and Subsea Engineering&#8221;][vc_column width=&#8221;1\/6&#8243;][\/vc_column][vc_column width=&#8221;1\/3&#8243; mobile_width=&#8221;hide&#8221;][\/vc_column][vc_column width=&#8221;1\/3&#8243; css=&#8221;.vc_custom_1477926589562{padding-top: 3% !important;padding-right: 3% !important;padding-bottom: 3% !important;padding-left: 3% !important;}&#8221;][vc_row_inner][vc_column_inner css=&#8221;.vc_custom_1477926797487{padding-top: 5% !important;padding-right: 5% !important;padding-bottom: 5% !important;padding-left: 5% !important;background-color: #ffffff !important;}&#8221;]<h4 class=\"grve-element grve-align-left grve-title-no-line grve-h4 grve-animated-item grve-fadeInDown\" style=\"\" data-delay=\"200\"><span>OFFSHORE AND SUBSEA ENGINEERING<\/span><\/h4>[vc_column_text text_style=&#8221;subtitle&#8221; animation=&#8221;fadeInLeft&#8221;]<\/p>\n<p style=\"font-size: 15px; text-align: justify;\">Our engineering department performs advanced calculations through computational analysis and simulations related to structures, hydrodynamics and naval architecture.<\/p>\n<p style=\"font-size: 15px; text-align: justify;\">With the aid of computer models, we perform finite elements structural calculations (FEM), computational fluid dynamics (CFD) simulations of hydrodynamic behavior and naval architecture calculations, providing static and dynamic stability analysis.<\/p>\n<p>[\/vc_column_text][\/vc_column_inner][\/vc_row_inner][\/vc_column][vc_column width=&#8221;1\/6&#8243;][\/vc_column][\/vc_row][vc_row middle_content=&#8221;yes&#8221; footer_feature=&#8221;yes&#8221; padding_top=&#8221;50&#8243; padding_bottom=&#8221;50&#8243;][vc_column][vc_empty_space]<div class=\"grve-element grve-slogan grve-align-left grve-animated-item grve-fadeInLeft\" style=\"\" data-delay=\"200\"><h4 class=\"grve-slogan-title grve-align-left grve-title-no-line\"><span>\u201cWe have a long-standing partnership with RBNA Consult and we value the way they are aligned with the innovation rhythm of Petr osul.\u201d<\/span><\/h4>  <p class=\"\">&#8211; Alberto Difini | <strong>Petrosul<\/strong><\/p><\/div>[vc_empty_space height=&#8221;12px&#8221;][\/vc_column][\/vc_row]<\/p>\n","protected":false},"excerpt":{"rendered":"<p>[vc_row header_feature=&#8221;yes&#8221; bottom_margin=&#8221;0px&#8221; padding_bottom=&#8221;50&#8243; padding_top=&#8221;30&#8243;][vc_column css=&#8221;.vc_custom_1474039044777{padding-top: 3% !important;padding-right: 0px !important;padding-bottom: 0px !important;padding-left: 0px !important;}&#8221;][vc_column_text][\/vc_column_text][vc_empty_space][\/vc_column][\/vc_row][vc_row heading_color=&#8221;primary-1&#8243; section_type=&#8221;fullwidth-element&#8221; middle_content=&#8221;yes&#8221; bg_type=&#8221;image&#8221; bg_image=&#8221;5354&#8243; bg_image_type=&#8221;animated&#8221; pattern_overlay=&#8221;yes&#8221; color_overlay=&#8221;dark&#8221; opacity_overlay=&#8221;30&#8243; padding_top=&#8221;150&#8243; padding_bottom=&#8221;150&#8243; section_id=&#8221;conteudolocal&#8221; section_title=&#8221;Local Content Certification&#8221;][vc_column width=&#8221;1\/6&#8243;][\/vc_column][vc_column width=&#8221;1\/3&#8243; mobile_width=&#8221;hide&#8221;][\/vc_column][vc_column width=&#8221;1\/3&#8243; css=&#8221;.vc_custom_1477925680858{padding-top: 3% !important;padding-right: 3% !important;padding-bottom: 3% !important;padding-left: 3% !important;}&#8221;][vc_row_inner][vc_column_inner css=&#8221;.vc_custom_1477926702896{padding-top: 5% !important;padding-right: 5% !important;padding-bottom: 5% !important;padding-left: 5% !important;background-color: #ffffff !important;}&#8221;][vc_column_text text_style=&#8221;subtitle&#8221; animation=&#8221;fadeInLeft&#8221;] [&hellip;]<\/p>\n","protected":false},"author":4,"featured_media":0,"parent":0,"menu_order":0,"comment_status":"closed","ping_status":"closed","template":"","meta":[],"yoast_head":"<!-- This site is optimized with the Yoast SEO plugin v17.7.1 - https:\/\/yoast.com\/wordpress\/plugins\/seo\/ -->\n<title>O que fazemos | RBNA consult<\/title>\n<meta name=\"description\" content=\"Atendemos uma ampla gama de servi\u00e7os como Certifica\u00e7\u00e3o de Conte\u00fado Local, Supply Chain Management, Engenharia Offshore e Subsea, Avalia\u00e7\u00e3o Financeira e\" \/>\n<meta name=\"robots\" content=\"index, follow, max-snippet:-1, max-image-preview:large, max-video-preview:-1\" \/>\n<link rel=\"canonical\" href=\"https:\/\/rbnaconsult.com\/en\/services\/\" \/>\n<meta property=\"og:locale\" content=\"pt_BR\" \/>\n<meta property=\"og:type\" content=\"article\" \/>\n<meta property=\"og:title\" content=\"O que fazemos | RBNA consult\" \/>\n<meta property=\"og:description\" content=\"Atendemos uma ampla gama de servi\u00e7os como Certifica\u00e7\u00e3o de Conte\u00fado Local, Supply Chain Management, Engenharia Offshore e Subsea, Avalia\u00e7\u00e3o Financeira e\" \/>\n<meta property=\"og:url\" content=\"https:\/\/rbnaconsult.com\/en\/services\/\" \/>\n<meta property=\"og:site_name\" content=\"RBNA Consult\" \/>\n<meta property=\"article:modified_time\" content=\"2017-04-20T15:18:32+00:00\" \/>\n<meta name=\"twitter:card\" content=\"summary\" \/>\n<meta name=\"twitter:label1\" content=\"Est. tempo de leitura\" \/>\n\t<meta name=\"twitter:data1\" content=\"7 minutos\" \/>\n<script type=\"application\/ld+json\" class=\"yoast-schema-graph\">{\"@context\":\"https:\/\/schema.org\",\"@graph\":[{\"@type\":\"WebSite\",\"@id\":\"https:\/\/rbnaconsult.com\/en\/#website\",\"url\":\"https:\/\/rbnaconsult.com\/en\/\",\"name\":\"RBNA Consult\",\"description\":\"Somos a empresa l\\u00edder em certifica\\u00e7\\u00e3o de conte\\u00fado local e top 10 entre as empresas de engenharia offshore. Ao longo das \\u00faltimas tr\\u00eas d\\u00e9cadas participamos de diversos projetos que inovaram os setores de transporte e energia ganhando reconhecimento e destaque internacional.\",\"potentialAction\":[{\"@type\":\"SearchAction\",\"target\":{\"@type\":\"EntryPoint\",\"urlTemplate\":\"https:\/\/rbnaconsult.com\/en\/?s={search_term_string}\"},\"query-input\":\"required name=search_term_string\"}],\"inLanguage\":\"pt-BR\"},{\"@type\":\"WebPage\",\"@id\":\"https:\/\/rbnaconsult.com\/en\/services\/#webpage\",\"url\":\"https:\/\/rbnaconsult.com\/en\/services\/\",\"name\":\"O que fazemos | RBNA consult\",\"isPartOf\":{\"@id\":\"https:\/\/rbnaconsult.com\/en\/#website\"},\"datePublished\":\"2016-06-14T15:58:55+00:00\",\"dateModified\":\"2017-04-20T15:18:32+00:00\",\"description\":\"Atendemos uma ampla gama de servi\\u00e7os como Certifica\\u00e7\\u00e3o de Conte\\u00fado Local, Supply Chain Management, Engenharia Offshore e Subsea, Avalia\\u00e7\\u00e3o Financeira e\",\"breadcrumb\":{\"@id\":\"https:\/\/rbnaconsult.com\/en\/services\/#breadcrumb\"},\"inLanguage\":\"pt-BR\",\"potentialAction\":[{\"@type\":\"ReadAction\",\"target\":[\"https:\/\/rbnaconsult.com\/en\/services\/\"]}]},{\"@type\":\"BreadcrumbList\",\"@id\":\"https:\/\/rbnaconsult.com\/en\/services\/#breadcrumb\",\"itemListElement\":[{\"@type\":\"ListItem\",\"position\":1,\"name\":\"In\\u00edcio\",\"item\":\"https:\/\/rbnaconsult.com\/en\/\"},{\"@type\":\"ListItem\",\"position\":2,\"name\":\"SERVICES\"}]}]}<\/script>\n<!-- \/ Yoast SEO plugin. -->","yoast_head_json":{"title":"O que fazemos | RBNA consult","description":"Atendemos uma ampla gama de servi\u00e7os como Certifica\u00e7\u00e3o de Conte\u00fado Local, Supply Chain Management, Engenharia Offshore e Subsea, Avalia\u00e7\u00e3o Financeira e","robots":{"index":"index","follow":"follow","max-snippet":"max-snippet:-1","max-image-preview":"max-image-preview:large","max-video-preview":"max-video-preview:-1"},"canonical":"https:\/\/rbnaconsult.com\/en\/services\/","og_locale":"pt_BR","og_type":"article","og_title":"O que fazemos | RBNA consult","og_description":"Atendemos uma ampla gama de servi\u00e7os como Certifica\u00e7\u00e3o de Conte\u00fado Local, Supply Chain Management, Engenharia Offshore e Subsea, Avalia\u00e7\u00e3o Financeira e","og_url":"https:\/\/rbnaconsult.com\/en\/services\/","og_site_name":"RBNA Consult","article_modified_time":"2017-04-20T15:18:32+00:00","twitter_card":"summary","twitter_misc":{"Est. tempo de leitura":"7 minutos"},"schema":{"@context":"https:\/\/schema.org","@graph":[{"@type":"WebSite","@id":"https:\/\/rbnaconsult.com\/en\/#website","url":"https:\/\/rbnaconsult.com\/en\/","name":"RBNA Consult","description":"Somos a empresa l\u00edder em certifica\u00e7\u00e3o de conte\u00fado local e top 10 entre as empresas de engenharia offshore. Ao longo das \u00faltimas tr\u00eas d\u00e9cadas participamos de diversos projetos que inovaram os setores de transporte e energia ganhando reconhecimento e destaque internacional.","potentialAction":[{"@type":"SearchAction","target":{"@type":"EntryPoint","urlTemplate":"https:\/\/rbnaconsult.com\/en\/?s={search_term_string}"},"query-input":"required name=search_term_string"}],"inLanguage":"pt-BR"},{"@type":"WebPage","@id":"https:\/\/rbnaconsult.com\/en\/services\/#webpage","url":"https:\/\/rbnaconsult.com\/en\/services\/","name":"O que fazemos | RBNA consult","isPartOf":{"@id":"https:\/\/rbnaconsult.com\/en\/#website"},"datePublished":"2016-06-14T15:58:55+00:00","dateModified":"2017-04-20T15:18:32+00:00","description":"Atendemos uma ampla gama de servi\u00e7os como Certifica\u00e7\u00e3o de Conte\u00fado Local, Supply Chain Management, Engenharia Offshore e Subsea, Avalia\u00e7\u00e3o Financeira e","breadcrumb":{"@id":"https:\/\/rbnaconsult.com\/en\/services\/#breadcrumb"},"inLanguage":"pt-BR","potentialAction":[{"@type":"ReadAction","target":["https:\/\/rbnaconsult.com\/en\/services\/"]}]},{"@type":"BreadcrumbList","@id":"https:\/\/rbnaconsult.com\/en\/services\/#breadcrumb","itemListElement":[{"@type":"ListItem","position":1,"name":"In\u00edcio","item":"https:\/\/rbnaconsult.com\/en\/"},{"@type":"ListItem","position":2,"name":"SERVICES"}]}]}},"_links":{"self":[{"href":"https:\/\/rbnaconsult.com\/en\/wp-json\/wp\/v2\/pages\/4621"}],"collection":[{"href":"https:\/\/rbnaconsult.com\/en\/wp-json\/wp\/v2\/pages"}],"about":[{"href":"https:\/\/rbnaconsult.com\/en\/wp-json\/wp\/v2\/types\/page"}],"author":[{"embeddable":true,"href":"https:\/\/rbnaconsult.com\/en\/wp-json\/wp\/v2\/users\/4"}],"replies":[{"embeddable":true,"href":"https:\/\/rbnaconsult.com\/en\/wp-json\/wp\/v2\/comments?post=4621"}],"version-history":[{"count":112,"href":"https:\/\/rbnaconsult.com\/en\/wp-json\/wp\/v2\/pages\/4621\/revisions"}],"predecessor-version":[{"id":5724,"href":"https:\/\/rbnaconsult.com\/en\/wp-json\/wp\/v2\/pages\/4621\/revisions\/5724"}],"wp:attachment":[{"href":"https:\/\/rbnaconsult.com\/en\/wp-json\/wp\/v2\/media?parent=4621"}],"curies":[{"name":"wp","href":"https:\/\/api.w.org\/{rel}","templated":true}]}}