{"id":4663,"date":"2016-06-16T14:42:04","date_gmt":"2016-06-16T14:42:04","guid":{"rendered":"http:\/\/rbnaconsult.com\/?page_id=4663"},"modified":"2017-04-20T15:25:45","modified_gmt":"2017-04-20T15:25:45","slug":"faca-parte-da-equipe","status":"publish","type":"page","link":"https:\/\/rbnaconsult.com\/en\/faca-parte-da-equipe\/","title":{"rendered":"We hire attitude, everything else we train"},"content":{"rendered":"<p>[vc_row heading_color=&#8221;primary-1&#8243; section_type=&#8221;fullwidth-element&#8221; flex_height=&#8221;yes&#8221; header_feature=&#8221;yes&#8221; footer_feature=&#8221;yes&#8221; padding_top=&#8221;0&#8243; padding_bottom=&#8221;0&#8243; font_color=&#8221;#043466&#8243;][vc_column width=&#8221;1\/6&#8243;][\/vc_column][vc_column width=&#8221;1\/3&#8243; css=&#8221;.vc_custom_1472160246691{padding-top: 48px !important;padding-right: 4% !important;padding-left: 4% !important;background-color: #ebebeb !important;}&#8221;]<div class=\"grve-element grve-slogan grve-align-left grve-animated-item grve-fadeInLeft\" style=\"\" data-delay=\"200\"><h3 class=\"grve-slogan-title grve-align-left grve-title-line\"><span>We hire attitude, everything else we train<\/span><\/h3>  <p class=\"\">Our group seeks professionals with attitude. We believe that professionals, after leaving university, joins our team with knowledge. It is our task to turn this knowledge into skills.<\/p>\n<p>Our team is consisted of technicians, engineers, M.Sc., administrators, M.B.A. and Ph.D.<\/p>\n<p>Regardless the title, everyone has in common the attitude and respect for the values, the mission and the culture of RBNA Consult.<\/p>\n<p>We make no distinction of sex, age, nationality, color, religious or sexual choice.<br \/>\n<\/p><\/div>[\/vc_column][vc_column width=&#8221;1\/3&#8243; css=&#8221;.vc_custom_1472574865356{padding-top: 50px !important;padding-right: 5% !important;padding-left: 5% !important;}&#8221;]<div role=\"form\" class=\"wpcf7\" id=\"wpcf7-f2907-o1\" lang=\"en-US\" dir=\"ltr\">\n<div class=\"screen-reader-response\"><p role=\"status\" aria-live=\"polite\" aria-atomic=\"true\"><\/p> <ul><\/ul><\/div>\n<form action=\"\/en\/wp-json\/wp\/v2\/pages\/4663#wpcf7-f2907-o1\" method=\"post\" class=\"wpcf7-form init\" enctype=\"multipart\/form-data\" novalidate=\"novalidate\" data-status=\"init\">\n<div style=\"display: none;\">\n<input type=\"hidden\" name=\"_wpcf7\" value=\"2907\" \/>\n<input type=\"hidden\" name=\"_wpcf7_version\" value=\"5.5.3\" \/>\n<input type=\"hidden\" name=\"_wpcf7_locale\" value=\"en_US\" \/>\n<input type=\"hidden\" name=\"_wpcf7_unit_tag\" value=\"wpcf7-f2907-o1\" \/>\n<input type=\"hidden\" name=\"_wpcf7_container_post\" value=\"0\" \/>\n<input type=\"hidden\" name=\"_wpcf7_posted_data_hash\" value=\"\" \/>\n<\/div>\n<div id=\"form\">\n<div id=\"contentleft\">\n<p><strong><span style=\"color: #333333;\">Name<\/span>*<\/strong><br \/>\n<span class=\"wpcf7-form-control-wrap text-name\"><input type=\"text\" name=\"text-name\" value=\"\" size=\"40\" class=\"wpcf7-form-control wpcf7-text wpcf7-validates-as-required\" aria-required=\"true\" aria-invalid=\"false\" \/><\/span><\/p>\n<\/div>\n<div id=\"contentright\">\n<p><strong><span style=\"color: #333333;\">E-mail<\/span>*<\/strong><br \/>\n<span class=\"wpcf7-form-control-wrap email-ph\"><input type=\"email\" name=\"email-ph\" value=\"\" size=\"40\" class=\"wpcf7-form-control wpcf7-text wpcf7-email wpcf7-validates-as-required wpcf7-validates-as-email\" aria-required=\"true\" aria-invalid=\"false\" \/><\/span><\/p>\n<\/div>\n<div id=\"left\">\n<p><strong><span style=\"color: #333333;\">Linkedin profile URL<\/span>*<\/strong><br \/>\n<span class=\"wpcf7-form-control-wrap url-linkedin\"><input type=\"url\" name=\"url-linkedin\" value=\"\" size=\"40\" class=\"wpcf7-form-control wpcf7-text wpcf7-url wpcf7-validates-as-required wpcf7-validates-as-url\" aria-required=\"true\" aria-invalid=\"false\" \/><\/span><\/p>\n<\/div>\n<div>\n<p><strong>Attach video: <\/strong><span class=\"wpcf7-form-control-wrap file-ph\"><input type=\"file\" name=\"file-ph\" size=\"40\" class=\"wpcf7-form-control wpcf7-file\" accept=\".jpg,.jpeg,.png,.gif,.pdf,.doc,.docx,.ppt,.pptx,.odt,.avi,.ogg,.m4a,.mov,.mp3,.mp4,.mpg,.wav,.wmv\" aria-invalid=\"false\" \/><\/span><br \/>\n<font size=\"3\">We would like to know you better! Send us a video (up to 5 minutes) telling us about yourself.<\/font><\/p>\n<p><input type=\"submit\" value=\"Send\" class=\"wpcf7-form-control has-spinner wpcf7-submit\" \/><\/p>\n<\/div>\n<p style=\"color:#777777\" align=\"right\">*required fields<\/p>\n<\/div>\n<div class=\"wpcf7-response-output\" aria-hidden=\"true\"><\/div><\/form><\/div>[\/vc_column][vc_column width=&#8221;1\/6&#8243;][\/vc_column][\/vc_row]<\/p>\n","protected":false},"excerpt":{"rendered":"<p>[vc_row heading_color=&#8221;primary-1&#8243; section_type=&#8221;fullwidth-element&#8221; flex_height=&#8221;yes&#8221; header_feature=&#8221;yes&#8221; footer_feature=&#8221;yes&#8221; padding_top=&#8221;0&#8243; padding_bottom=&#8221;0&#8243; font_color=&#8221;#043466&#8243;][vc_column width=&#8221;1\/6&#8243;][\/vc_column][vc_column width=&#8221;1\/3&#8243; css=&#8221;.vc_custom_1472160246691{padding-top: 48px !important;padding-right: 4% !important;padding-left: 4% !important;background-color: #ebebeb !important;}&#8221;][\/vc_column][vc_column width=&#8221;1\/3&#8243; css=&#8221;.vc_custom_1472574865356{padding-top: 50px !important;padding-right: 5% !important;padding-left: 5% !important;}&#8221;][\/vc_column][vc_column width=&#8221;1\/6&#8243;][\/vc_column][\/vc_row]<\/p>\n","protected":false},"author":4,"featured_media":0,"parent":0,"menu_order":0,"comment_status":"open","ping_status":"open","template":"","meta":[],"yoast_head":"<!-- This site is optimized with the Yoast SEO plugin v17.7.1 - https:\/\/yoast.com\/wordpress\/plugins\/seo\/ -->\n<title>Fa\u00e7a parte da equipe | RBNA consult<\/title>\n<meta name=\"description\" content=\"Na RBNA Consult contratamos postura, o resto n\u00f3s treinamos. Nossos quadros s\u00e3o tecn\u00f3logos, engenheiros, M.Sc., administradores, M.B.A. e Ph.D.\" \/>\n<meta name=\"robots\" content=\"index, follow, max-snippet:-1, max-image-preview:large, max-video-preview:-1\" \/>\n<link rel=\"canonical\" href=\"https:\/\/rbnaconsult.com\/en\/faca-parte-da-equipe\/\" \/>\n<meta property=\"og:locale\" content=\"pt_BR\" \/>\n<meta property=\"og:type\" content=\"article\" \/>\n<meta property=\"og:title\" content=\"Fa\u00e7a parte da equipe | RBNA consult\" \/>\n<meta property=\"og:description\" content=\"Na RBNA Consult contratamos postura, o resto n\u00f3s treinamos. Nossos quadros s\u00e3o tecn\u00f3logos, engenheiros, M.Sc., administradores, M.B.A. e Ph.D.\" \/>\n<meta property=\"og:url\" content=\"https:\/\/rbnaconsult.com\/en\/faca-parte-da-equipe\/\" \/>\n<meta property=\"og:site_name\" content=\"RBNA Consult\" \/>\n<meta property=\"article:modified_time\" content=\"2017-04-20T15:25:45+00:00\" \/>\n<meta name=\"twitter:card\" content=\"summary\" \/>\n<meta name=\"twitter:label1\" content=\"Est. tempo de leitura\" \/>\n\t<meta name=\"twitter:data1\" content=\"1 minuto\" \/>\n<script type=\"application\/ld+json\" class=\"yoast-schema-graph\">{\"@context\":\"https:\/\/schema.org\",\"@graph\":[{\"@type\":\"WebSite\",\"@id\":\"https:\/\/rbnaconsult.com\/en\/#website\",\"url\":\"https:\/\/rbnaconsult.com\/en\/\",\"name\":\"RBNA Consult\",\"description\":\"Somos a empresa l\\u00edder em certifica\\u00e7\\u00e3o de conte\\u00fado local e top 10 entre as empresas de engenharia offshore. Ao longo das \\u00faltimas tr\\u00eas d\\u00e9cadas participamos de diversos projetos que inovaram os setores de transporte e energia ganhando reconhecimento e destaque internacional.\",\"potentialAction\":[{\"@type\":\"SearchAction\",\"target\":{\"@type\":\"EntryPoint\",\"urlTemplate\":\"https:\/\/rbnaconsult.com\/en\/?s={search_term_string}\"},\"query-input\":\"required name=search_term_string\"}],\"inLanguage\":\"pt-BR\"},{\"@type\":\"WebPage\",\"@id\":\"https:\/\/rbnaconsult.com\/en\/faca-parte-da-equipe\/#webpage\",\"url\":\"https:\/\/rbnaconsult.com\/en\/faca-parte-da-equipe\/\",\"name\":\"Fa\\u00e7a parte da equipe | RBNA consult\",\"isPartOf\":{\"@id\":\"https:\/\/rbnaconsult.com\/en\/#website\"},\"datePublished\":\"2016-06-16T14:42:04+00:00\",\"dateModified\":\"2017-04-20T15:25:45+00:00\",\"description\":\"Na RBNA Consult contratamos postura, o resto n\\u00f3s treinamos. Nossos quadros s\\u00e3o tecn\\u00f3logos, engenheiros, M.Sc., administradores, M.B.A. e Ph.D.\",\"breadcrumb\":{\"@id\":\"https:\/\/rbnaconsult.com\/en\/faca-parte-da-equipe\/#breadcrumb\"},\"inLanguage\":\"pt-BR\",\"potentialAction\":[{\"@type\":\"ReadAction\",\"target\":[\"https:\/\/rbnaconsult.com\/en\/faca-parte-da-equipe\/\"]}]},{\"@type\":\"BreadcrumbList\",\"@id\":\"https:\/\/rbnaconsult.com\/en\/faca-parte-da-equipe\/#breadcrumb\",\"itemListElement\":[{\"@type\":\"ListItem\",\"position\":1,\"name\":\"In\\u00edcio\",\"item\":\"https:\/\/rbnaconsult.com\/en\/\"},{\"@type\":\"ListItem\",\"position\":2,\"name\":\"We hire attitude, everything else we train\"}]}]}<\/script>\n<!-- \/ Yoast SEO plugin. -->","yoast_head_json":{"title":"Fa\u00e7a parte da equipe | RBNA consult","description":"Na RBNA Consult contratamos postura, o resto n\u00f3s treinamos. Nossos quadros s\u00e3o tecn\u00f3logos, engenheiros, M.Sc., administradores, M.B.A. e Ph.D.","robots":{"index":"index","follow":"follow","max-snippet":"max-snippet:-1","max-image-preview":"max-image-preview:large","max-video-preview":"max-video-preview:-1"},"canonical":"https:\/\/rbnaconsult.com\/en\/faca-parte-da-equipe\/","og_locale":"pt_BR","og_type":"article","og_title":"Fa\u00e7a parte da equipe | RBNA consult","og_description":"Na RBNA Consult contratamos postura, o resto n\u00f3s treinamos. Nossos quadros s\u00e3o tecn\u00f3logos, engenheiros, M.Sc., administradores, M.B.A. e Ph.D.","og_url":"https:\/\/rbnaconsult.com\/en\/faca-parte-da-equipe\/","og_site_name":"RBNA Consult","article_modified_time":"2017-04-20T15:25:45+00:00","twitter_card":"summary","twitter_misc":{"Est. tempo de leitura":"1 minuto"},"schema":{"@context":"https:\/\/schema.org","@graph":[{"@type":"WebSite","@id":"https:\/\/rbnaconsult.com\/en\/#website","url":"https:\/\/rbnaconsult.com\/en\/","name":"RBNA Consult","description":"Somos a empresa l\u00edder em certifica\u00e7\u00e3o de conte\u00fado local e top 10 entre as empresas de engenharia offshore. Ao longo das \u00faltimas tr\u00eas d\u00e9cadas participamos de diversos projetos que inovaram os setores de transporte e energia ganhando reconhecimento e destaque internacional.","potentialAction":[{"@type":"SearchAction","target":{"@type":"EntryPoint","urlTemplate":"https:\/\/rbnaconsult.com\/en\/?s={search_term_string}"},"query-input":"required name=search_term_string"}],"inLanguage":"pt-BR"},{"@type":"WebPage","@id":"https:\/\/rbnaconsult.com\/en\/faca-parte-da-equipe\/#webpage","url":"https:\/\/rbnaconsult.com\/en\/faca-parte-da-equipe\/","name":"Fa\u00e7a parte da equipe | RBNA consult","isPartOf":{"@id":"https:\/\/rbnaconsult.com\/en\/#website"},"datePublished":"2016-06-16T14:42:04+00:00","dateModified":"2017-04-20T15:25:45+00:00","description":"Na RBNA Consult contratamos postura, o resto n\u00f3s treinamos. Nossos quadros s\u00e3o tecn\u00f3logos, engenheiros, M.Sc., administradores, M.B.A. e Ph.D.","breadcrumb":{"@id":"https:\/\/rbnaconsult.com\/en\/faca-parte-da-equipe\/#breadcrumb"},"inLanguage":"pt-BR","potentialAction":[{"@type":"ReadAction","target":["https:\/\/rbnaconsult.com\/en\/faca-parte-da-equipe\/"]}]},{"@type":"BreadcrumbList","@id":"https:\/\/rbnaconsult.com\/en\/faca-parte-da-equipe\/#breadcrumb","itemListElement":[{"@type":"ListItem","position":1,"name":"In\u00edcio","item":"https:\/\/rbnaconsult.com\/en\/"},{"@type":"ListItem","position":2,"name":"We hire attitude, everything else we train"}]}]}},"_links":{"self":[{"href":"https:\/\/rbnaconsult.com\/en\/wp-json\/wp\/v2\/pages\/4663"}],"collection":[{"href":"https:\/\/rbnaconsult.com\/en\/wp-json\/wp\/v2\/pages"}],"about":[{"href":"https:\/\/rbnaconsult.com\/en\/wp-json\/wp\/v2\/types\/page"}],"author":[{"embeddable":true,"href":"https:\/\/rbnaconsult.com\/en\/wp-json\/wp\/v2\/users\/4"}],"replies":[{"embeddable":true,"href":"https:\/\/rbnaconsult.com\/en\/wp-json\/wp\/v2\/comments?post=4663"}],"version-history":[{"count":44,"href":"https:\/\/rbnaconsult.com\/en\/wp-json\/wp\/v2\/pages\/4663\/revisions"}],"predecessor-version":[{"id":5726,"href":"https:\/\/rbnaconsult.com\/en\/wp-json\/wp\/v2\/pages\/4663\/revisions\/5726"}],"wp:attachment":[{"href":"https:\/\/rbnaconsult.com\/en\/wp-json\/wp\/v2\/media?parent=4663"}],"curies":[{"name":"wp","href":"https:\/\/api.w.org\/{rel}","templated":true}]}}